{"id":89,"date":"2022-03-02T20:02:07","date_gmt":"2022-03-02T20:02:07","guid":{"rendered":"https:\/\/happinessineverybite.com\/?page_id=89"},"modified":"2026-05-13T10:39:49","modified_gmt":"2026-05-13T10:39:49","slug":"about-me","status":"publish","type":"page","link":"https:\/\/happinessineverybite.com\/de\/about-me\/","title":{"rendered":"\u00dcber mich"},"content":{"rendered":"\n<p class=\"has-drop-cap\">Hey, ich hei\u00dfe Sue und ich arbeite als Projektmanagerin in einer Hochschule. Nach Feierabend liiiiebe ich es zu backen. Das mache ich nachmittags\/abends\/sp\u00e4t abends- oder wann auch immer meine Familie mich l\u00e4sst. \ud83d\ude09<\/p>\n\n\n\n<p>Meine Familie, das sind mein Mann, mit dem ich seit zw\u00f6lf Jahren verheiratet bin und meine zwei s\u00fc\u00dfen M\u00e4dels. Die beiden sind 13 und 10 und lieben es mir beim Dekorieren meiner gebackenen Sachen zu helfen. Absehen davon sind sie gro\u00dfartige Test-Esser! Kinder sind sehr ehrlich! Und somit die perfekten Test-esser f\u00fcr alles, was ich mal wieder ausprobiert oder neu kreiert habe. Jo, meine Gro\u00dfe, liebt es zu lesen und schreibt sogar ihre ersten eigenen Geschichten. Unsere Kleine, Charly ist in die Grundschule gekommen und liebt tanzen und mit mir zu kochen oder zu backen.<\/p>\n\n\n\n<p>Ich backe seitdem ich 15 bin. Somit schon 2- 3 Jahre&#8230; \ud83d\ude09 Meine Mutter hatte immer etwas frisch-gekochtes auf dem Herd stehen und Sonntags gab es auch <strong>immer<\/strong> etwas Selbstgebackenes, um das meine drei  Br\u00fcder (drei \u00e4ltere Br\u00fcder!!) und ich uns streiten konnten. <\/p>\n\n\n\n<p>Auch wenn ich sehr viel koche &#8211; zwei mal am Tag; ist Backen meine wahre Leidenschaft! Ich liebe das Zusammenmischen von lecker-riechenden Zutaten (Ich bin ein Vanille-Junkie), Teig kneten, und das Verwandeln von Zutaten in etwas wunderbar Leckeres, welches optimalerweise zu &#8222;Happiness in every Bite&#8220; wird. <\/p>\n\n\n\n<p>Das ist auch der Grund, warum ich diesen Blog ins Leben gerufen habe. Um eben diese Rezepte mit Dir zu teilen, damit Du auch bald Gl\u00fcck bei jedem Bissen versp\u00fcrst,  Happiness in every bite. <\/p>\n\n\n\n<p>Viel Spa\u00df auf meinem Blog!<\/p>\n\n\n\n<p>Love and Happiness,<\/p>\n\n\n\n<p>Sue<\/p>\n\n\n\n<figure class=\"wp-block-image size-large\"><img loading=\"lazy\" decoding=\"async\" width=\"1024\" height=\"1024\" src=\"https:\/\/happinessineverybite.com\/wp-content\/uploads\/2022\/05\/IMG_0561-1024x1024.jpg\" alt=\"\" class=\"wp-image-991\" srcset=\"https:\/\/happinessineverybite.com\/wp-content\/uploads\/2022\/05\/IMG_0561-1024x1024.jpg 1024w, https:\/\/happinessineverybite.com\/wp-content\/uploads\/2022\/05\/IMG_0561-300x300.jpg 300w, https:\/\/happinessineverybite.com\/wp-content\/uploads\/2022\/05\/IMG_0561-150x150.jpg 150w, https:\/\/happinessineverybite.com\/wp-content\/uploads\/2022\/05\/IMG_0561-768x769.jpg 768w, https:\/\/happinessineverybite.com\/wp-content\/uploads\/2022\/05\/IMG_0561-1140x1141.jpg 1140w, https:\/\/happinessineverybite.com\/wp-content\/uploads\/2022\/05\/IMG_0561-75x75.jpg 75w, https:\/\/happinessineverybite.com\/wp-content\/uploads\/2022\/05\/IMG_0561.jpg 1364w\" sizes=\"auto, (max-width: 1024px) 100vw, 1024px\" \/><\/figure>\n\n\n\n<figure class=\"wp-block-image size-large\"><img loading=\"lazy\" decoding=\"async\" width=\"762\" height=\"1024\" src=\"https:\/\/happinessineverybite.com\/wp-content\/uploads\/2022\/05\/IMG_0564-762x1024.jpg\" alt=\"\" class=\"wp-image-994\" srcset=\"https:\/\/happinessineverybite.com\/wp-content\/uploads\/2022\/05\/IMG_0564-762x1024.jpg 762w, https:\/\/happinessineverybite.com\/wp-content\/uploads\/2022\/05\/IMG_0564-223x300.jpg 223w, https:\/\/happinessineverybite.com\/wp-content\/uploads\/2022\/05\/IMG_0564-768x1032.jpg 768w, https:\/\/happinessineverybite.com\/wp-content\/uploads\/2022\/05\/IMG_0564.jpg 953w\" sizes=\"auto, (max-width: 762px) 100vw, 762px\" \/><\/figure>\n\n\n\n<p><\/p>\n","protected":false},"excerpt":{"rendered":"<p>Hey, ich hei\u00dfe Sue und ich arbeite als Projektmanagerin in einer Hochschule. Nach Feierabend liiiiebe ich es zu backen. Das mache ich nachmittags\/abends\/sp\u00e4t abends- oder wann auch immer meine Familie mich l\u00e4sst. \ud83d\ude09 Meine Familie, das sind mein Mann, mit dem ich seit zw\u00f6lf Jahren verheiratet bin und meine zwei s\u00fc\u00dfen M\u00e4dels. Die beiden sind 13 und 10 und lieben es mir beim Dekorieren meiner gebackenen Sachen zu helfen. Absehen davon sind sie gro\u00dfartige Test-Esser! Kinder sind sehr ehrlich! Und somit die perfekten Test-esser f\u00fcr alles, was ich mal wieder ausprobiert oder neu kreiert habe. Jo, meine Gro\u00dfe, liebt es zu lesen und schreibt sogar ihre ersten eigenen Geschichten. Unsere Kleine, Charly ist in die Grundschule gekommen und liebt tanzen und mit mir zu kochen oder zu backen. Ich backe seitdem ich 15 bin. Somit schon 2- 3 Jahre&#8230; \ud83d\ude09 Meine Mutter hatte immer etwas frisch-gekochtes auf dem Herd stehen und Sonntags gab es auch immer etwas Selbstgebackenes, um das meine drei Br\u00fcder (drei \u00e4ltere Br\u00fcder!!) und ich uns streiten konnten. Auch wenn ich sehr viel koche &#8211; zwei mal am Tag; ist Backen meine wahre Leidenschaft! Ich liebe das Zusammenmischen von lecker-riechenden Zutaten (Ich bin ein Vanille-Junkie), Teig kneten, und das Verwandeln von Zutaten in etwas wunderbar Leckeres, welches optimalerweise zu &#8222;Happiness in every Bite&#8220; wird. Das ist auch der Grund, warum ich diesen Blog ins Leben gerufen habe. Um eben diese Rezepte mit Dir zu teilen, damit Du auch bald Gl\u00fcck bei jedem Bissen versp\u00fcrst, Happiness in every bite. Viel Spa\u00df auf meinem Blog! Love and Happiness, Sue<\/p>\n","protected":false},"author":1,"featured_media":111,"parent":0,"menu_order":0,"comment_status":"closed","ping_status":"closed","template":"","meta":{"footnotes":""},"class_list":["post-89","page","type-page","status-publish","has-post-thumbnail","hentry"],"translation":{"provider":"WPGlobus","version":"3.0.2","language":"de","enabled_languages":["en","de"],"languages":{"en":{"title":true,"content":true,"excerpt":false},"de":{"title":true,"content":true,"excerpt":false}}},"_links":{"self":[{"href":"https:\/\/happinessineverybite.com\/de\/wp-json\/wp\/v2\/pages\/89","targetHints":{"allow":["GET"]}}],"collection":[{"href":"https:\/\/happinessineverybite.com\/de\/wp-json\/wp\/v2\/pages"}],"about":[{"href":"https:\/\/happinessineverybite.com\/de\/wp-json\/wp\/v2\/types\/page"}],"author":[{"embeddable":true,"href":"https:\/\/happinessineverybite.com\/de\/wp-json\/wp\/v2\/users\/1"}],"replies":[{"embeddable":true,"href":"https:\/\/happinessineverybite.com\/de\/wp-json\/wp\/v2\/comments?post=89"}],"version-history":[{"count":24,"href":"https:\/\/happinessineverybite.com\/de\/wp-json\/wp\/v2\/pages\/89\/revisions"}],"predecessor-version":[{"id":19736,"href":"https:\/\/happinessineverybite.com\/de\/wp-json\/wp\/v2\/pages\/89\/revisions\/19736"}],"wp:featuredmedia":[{"embeddable":true,"href":"https:\/\/happinessineverybite.com\/de\/wp-json\/wp\/v2\/media\/111"}],"wp:attachment":[{"href":"https:\/\/happinessineverybite.com\/de\/wp-json\/wp\/v2\/media?parent=89"}],"curies":[{"name":"wp","href":"https:\/\/api.w.org\/{rel}","templated":true}]}}